{"id":842,"date":"2023-08-28T01:59:01","date_gmt":"2023-08-28T01:59:01","guid":{"rendered":"https:\/\/www.serviciowhirlpoolbogota.com.co\/?page_id=842"},"modified":"2023-08-28T02:12:17","modified_gmt":"2023-08-28T02:12:17","slug":"empresa","status":"publish","type":"page","link":"https:\/\/www.serviciowhirlpoolbogota.com.co\/index.php\/empresa\/","title":{"rendered":"Empresa"},"content":{"rendered":"\t\t<div data-elementor-type=\"wp-page\" data-elementor-id=\"842\" class=\"elementor elementor-842\">\n\t\t\t\t\t\t<section class=\"elementor-section elementor-top-section elementor-element elementor-element-ed8ee27 elementor-section-boxed elementor-section-height-default elementor-section-height-default wpr-particle-no wpr-jarallax-no wpr-parallax-no wpr-sticky-section-no wpr-column-slider-no wpr-equal-height-no\" data-id=\"ed8ee27\" data-element_type=\"section\" data-e-type=\"section\">\n\t\t\t\t\t\t<div class=\"elementor-container elementor-column-gap-default\">\n\t\t\t\t\t<div class=\"elementor-column elementor-col-100 elementor-top-column elementor-element elementor-element-caf5680\" data-id=\"caf5680\" data-element_type=\"column\" data-e-type=\"column\">\n\t\t\t<div class=\"elementor-widget-wrap elementor-element-populated\">\n\t\t\t\t\t\t<div class=\"elementor-element elementor-element-e820e26 elementor-widget elementor-widget-heading\" data-id=\"e820e26\" data-element_type=\"widget\" data-e-type=\"widget\" data-widget_type=\"heading.default\">\n\t\t\t\t<div class=\"elementor-widget-container\">\n\t\t\t\t\t<h2 class=\"elementor-heading-title elementor-size-default\">Descubre Qui\u00e9nes Somos y Qu\u00e9 Ofrecemos<\/h2>\t\t\t\t<\/div>\n\t\t\t\t<\/div>\n\t\t\t\t<div class=\"elementor-element elementor-element-a43882a elementor-widget elementor-widget-text-editor\" data-id=\"a43882a\" data-element_type=\"widget\" data-e-type=\"widget\" data-widget_type=\"text-editor.default\">\n\t\t\t\t<div class=\"elementor-widget-container\">\n\t\t\t\t\t\t\t\t\t<p style=\"white-space-collapse: preserve;\">Hemos consolidado una trayectoria s\u00f3lida y confiable en las ciudades de Bogot\u00e1, Villavicencio, Ch\u00eda, Cajic\u00e1 y Cota. Nuestra historia est\u00e1 marcada por un compromiso inquebrantable con la excelencia y la satisfacci\u00f3n del cliente desde hace mas de 10 a\u00f1os.<\/p><p style=\"white-space-collapse: preserve;\">Operando en cada rinc\u00f3n de las ciudades, llevamos nuestro compromiso y pasi\u00f3n por ofrecer soluciones que marquen la diferencia en la vida de las personas. Nuestro equipo de t\u00e9cnicos y profesionales comparte una visi\u00f3n com\u00fan de servicio excepcional y calidad inquebrantable.<\/p><p style=\"white-space-collapse: preserve;\">Juntos, avanzamos hacia un horizonte en el que la confianza en nuestros servicios sea sin\u00f3nimo de bienestar y tranquilidad en cada hogar para sus lavadoras, neveras, secadoras, hornos, microondas y trituradores.<\/p><p>\u00a0<\/p>\t\t\t\t\t\t\t\t<\/div>\n\t\t\t\t<\/div>\n\t\t\t\t\t<\/div>\n\t\t<\/div>\n\t\t\t\t\t<\/div>\n\t\t<\/section>\n\t\t\t\t<section class=\"elementor-section elementor-top-section elementor-element elementor-element-fc85ed0 elementor-section-boxed elementor-section-height-default elementor-section-height-default wpr-particle-no wpr-jarallax-no wpr-parallax-no wpr-sticky-section-no wpr-column-slider-no wpr-equal-height-no\" data-id=\"fc85ed0\" data-element_type=\"section\" data-e-type=\"section\">\n\t\t\t\t\t\t<div class=\"elementor-container elementor-column-gap-default\">\n\t\t\t\t\t<div class=\"elementor-column elementor-col-50 elementor-top-column elementor-element elementor-element-82f6a0a\" data-id=\"82f6a0a\" data-element_type=\"column\" data-e-type=\"column\">\n\t\t\t<div class=\"elementor-widget-wrap elementor-element-populated\">\n\t\t\t\t\t\t<div class=\"elementor-element elementor-element-53c1700 elementor-widget elementor-widget-heading\" data-id=\"53c1700\" data-element_type=\"widget\" data-e-type=\"widget\" data-widget_type=\"heading.default\">\n\t\t\t\t<div class=\"elementor-widget-container\">\n\t\t\t\t\t<h2 class=\"elementor-heading-title elementor-size-default\">Nuestra Misi\u00f3n y Visi\u00f3n: Guiando Nuestro Camino<\/h2>\t\t\t\t<\/div>\n\t\t\t\t<\/div>\n\t\t\t\t<div class=\"elementor-element elementor-element-7d29901 elementor-widget elementor-widget-text-editor\" data-id=\"7d29901\" data-element_type=\"widget\" data-e-type=\"widget\" data-widget_type=\"text-editor.default\">\n\t\t\t\t<div class=\"elementor-widget-container\">\n\t\t\t\t\t\t\t\t\t<p><strong>Misi\u00f3n:<\/strong> Nuestra misi\u00f3n es ser el aliado confiable y eficiente para resolver todas las necesidades relacionadas con los electrodom\u00e9sticos Whirlpool en el hogar de cada cliente. Nos esforzamos por brindar soluciones efectivas y duraderas, manteniendo la calidad y la innovaci\u00f3n como pilares fundamentales.<\/p><p><strong>Visi\u00f3n:<\/strong> Nuestra visi\u00f3n es convertirnos en la referencia indiscutible en servicios de electrodom\u00e9sticos Whirlpool en nuestras \u00e1reas de operaci\u00f3n. Aspiramos a ser reconocidos no solo por nuestra expertise t\u00e9cnica, sino tambi\u00e9n por la satisfacci\u00f3n y confianza de cada cliente que atendemos.<\/p>\t\t\t\t\t\t\t\t<\/div>\n\t\t\t\t<\/div>\n\t\t\t\t\t<\/div>\n\t\t<\/div>\n\t\t\t\t<div class=\"elementor-column elementor-col-50 elementor-top-column elementor-element elementor-element-9d7d336\" data-id=\"9d7d336\" data-element_type=\"column\" data-e-type=\"column\">\n\t\t\t<div class=\"elementor-widget-wrap elementor-element-populated\">\n\t\t\t\t\t\t<div class=\"elementor-element elementor-element-0abcbef elementor-widget elementor-widget-image\" data-id=\"0abcbef\" data-element_type=\"widget\" data-e-type=\"widget\" data-widget_type=\"image.default\">\n\t\t\t\t<div class=\"elementor-widget-container\">\n\t\t\t\t\t\t\t\t\t\t\t\t\t\t\t<img fetchpriority=\"high\" decoding=\"async\" width=\"500\" height=\"407\" src=\"https:\/\/www.serviciowhirlpoolbogota.com.co\/wp-content\/uploads\/2023\/08\/empresa-whirlpool.webp\" class=\"attachment-large size-large wp-image-845\" alt=\"Empresa Whirlpool\" srcset=\"https:\/\/www.serviciowhirlpoolbogota.com.co\/wp-content\/uploads\/2023\/08\/empresa-whirlpool.webp 500w, https:\/\/www.serviciowhirlpoolbogota.com.co\/wp-content\/uploads\/2023\/08\/empresa-whirlpool-300x244.webp 300w\" sizes=\"(max-width: 500px) 100vw, 500px\" \/>\t\t\t\t\t\t\t\t\t\t\t\t\t\t\t<\/div>\n\t\t\t\t<\/div>\n\t\t\t\t\t<\/div>\n\t\t<\/div>\n\t\t\t\t\t<\/div>\n\t\t<\/section>\n\t\t\t\t<section class=\"elementor-section elementor-top-section elementor-element elementor-element-f08e0b8 elementor-section-boxed elementor-section-height-default elementor-section-height-default wpr-particle-no wpr-jarallax-no wpr-parallax-no wpr-sticky-section-no wpr-column-slider-no wpr-equal-height-no\" data-id=\"f08e0b8\" data-element_type=\"section\" data-e-type=\"section\">\n\t\t\t\t\t\t<div class=\"elementor-container elementor-column-gap-default\">\n\t\t\t\t\t<div class=\"elementor-column elementor-col-100 elementor-top-column elementor-element elementor-element-6890302\" data-id=\"6890302\" data-element_type=\"column\" data-e-type=\"column\">\n\t\t\t<div class=\"elementor-widget-wrap elementor-element-populated\">\n\t\t\t\t\t\t<div class=\"elementor-element elementor-element-7a73254 elementor-widget elementor-widget-heading\" data-id=\"7a73254\" data-element_type=\"widget\" data-e-type=\"widget\" data-widget_type=\"heading.default\">\n\t\t\t\t<div class=\"elementor-widget-container\">\n\t\t\t\t\t<h3 class=\"elementor-heading-title elementor-size-default\">Objetivos:<\/h3>\t\t\t\t<\/div>\n\t\t\t\t<\/div>\n\t\t\t\t\t<\/div>\n\t\t<\/div>\n\t\t\t\t\t<\/div>\n\t\t<\/section>\n\t\t\t\t<section class=\"elementor-section elementor-top-section elementor-element elementor-element-c915d6a elementor-section-boxed elementor-section-height-default elementor-section-height-default wpr-particle-no wpr-jarallax-no wpr-parallax-no wpr-sticky-section-no wpr-column-slider-no wpr-equal-height-no\" data-id=\"c915d6a\" data-element_type=\"section\" data-e-type=\"section\">\n\t\t\t\t\t\t<div class=\"elementor-container elementor-column-gap-default\">\n\t\t\t\t\t<div class=\"elementor-column elementor-col-50 elementor-top-column elementor-element elementor-element-37156b8\" data-id=\"37156b8\" data-element_type=\"column\" data-e-type=\"column\">\n\t\t\t<div class=\"elementor-widget-wrap elementor-element-populated\">\n\t\t\t\t\t\t<div class=\"elementor-element elementor-element-a8a9ea6 elementor-icon-list--layout-traditional elementor-list-item-link-full_width elementor-widget elementor-widget-icon-list\" data-id=\"a8a9ea6\" data-element_type=\"widget\" data-e-type=\"widget\" data-widget_type=\"icon-list.default\">\n\t\t\t\t<div class=\"elementor-widget-container\">\n\t\t\t\t\t\t\t<ul class=\"elementor-icon-list-items\">\n\t\t\t\t\t\t\t<li class=\"elementor-icon-list-item\">\n\t\t\t\t\t\t\t\t\t\t\t<span class=\"elementor-icon-list-icon\">\n\t\t\t\t\t\t\t<i aria-hidden=\"true\" class=\"fas fa-check\"><\/i>\t\t\t\t\t\t<\/span>\n\t\t\t\t\t\t\t\t\t\t<span class=\"elementor-icon-list-text\">Calidad en Cada Intervenci\u00f3n<\/span>\n\t\t\t\t\t\t\t\t\t<\/li>\n\t\t\t\t\t\t\t\t<li class=\"elementor-icon-list-item\">\n\t\t\t\t\t\t\t\t\t\t\t<span class=\"elementor-icon-list-icon\">\n\t\t\t\t\t\t\t<i aria-hidden=\"true\" class=\"fas fa-check\"><\/i>\t\t\t\t\t\t<\/span>\n\t\t\t\t\t\t\t\t\t\t<span class=\"elementor-icon-list-text\">Satisfacci\u00f3n del Cliente<\/span>\n\t\t\t\t\t\t\t\t\t<\/li>\n\t\t\t\t\t\t\t\t<li class=\"elementor-icon-list-item\">\n\t\t\t\t\t\t\t\t\t\t\t<span class=\"elementor-icon-list-icon\">\n\t\t\t\t\t\t\t<i aria-hidden=\"true\" class=\"fas fa-check\"><\/i>\t\t\t\t\t\t<\/span>\n\t\t\t\t\t\t\t\t\t\t<span class=\"elementor-icon-list-text\">Desarrollo de Talento<\/span>\n\t\t\t\t\t\t\t\t\t<\/li>\n\t\t\t\t\t\t<\/ul>\n\t\t\t\t\t\t<\/div>\n\t\t\t\t<\/div>\n\t\t\t\t\t<\/div>\n\t\t<\/div>\n\t\t\t\t<div class=\"elementor-column elementor-col-50 elementor-top-column elementor-element elementor-element-05d9e33\" data-id=\"05d9e33\" data-element_type=\"column\" data-e-type=\"column\">\n\t\t\t<div class=\"elementor-widget-wrap elementor-element-populated\">\n\t\t\t\t\t\t<div class=\"elementor-element elementor-element-d0ab9a6 elementor-icon-list--layout-traditional elementor-list-item-link-full_width elementor-widget elementor-widget-icon-list\" data-id=\"d0ab9a6\" data-element_type=\"widget\" data-e-type=\"widget\" data-widget_type=\"icon-list.default\">\n\t\t\t\t<div class=\"elementor-widget-container\">\n\t\t\t\t\t\t\t<ul class=\"elementor-icon-list-items\">\n\t\t\t\t\t\t\t<li class=\"elementor-icon-list-item\">\n\t\t\t\t\t\t\t\t\t\t\t<span class=\"elementor-icon-list-icon\">\n\t\t\t\t\t\t\t<i aria-hidden=\"true\" class=\"fas fa-check\"><\/i>\t\t\t\t\t\t<\/span>\n\t\t\t\t\t\t\t\t\t\t<span class=\"elementor-icon-list-text\">Crecimiento Sostenible:<\/span>\n\t\t\t\t\t\t\t\t\t<\/li>\n\t\t\t\t\t\t\t\t<li class=\"elementor-icon-list-item\">\n\t\t\t\t\t\t\t\t\t\t\t<span class=\"elementor-icon-list-icon\">\n\t\t\t\t\t\t\t<i aria-hidden=\"true\" class=\"fas fa-check\"><\/i>\t\t\t\t\t\t<\/span>\n\t\t\t\t\t\t\t\t\t\t<span class=\"elementor-icon-list-text\">Innovaci\u00f3n y Tecnolog\u00eda<\/span>\n\t\t\t\t\t\t\t\t\t<\/li>\n\t\t\t\t\t\t<\/ul>\n\t\t\t\t\t\t<\/div>\n\t\t\t\t<\/div>\n\t\t\t\t\t<\/div>\n\t\t<\/div>\n\t\t\t\t\t<\/div>\n\t\t<\/section>\n\t\t\t\t<\/div>\n\t\t","protected":false},"excerpt":{"rendered":"<p>Descubre Qui\u00e9nes Somos y Qu\u00e9 Ofrecemos Hemos consolidado una trayectoria s\u00f3lida y confiable en las ciudades de Bogot\u00e1, Villavicencio, Ch\u00eda, Cajic\u00e1 y Cota. Nuestra historia est\u00e1 marcada por un compromiso inquebrantable con la excelencia y la satisfacci\u00f3n del cliente desde hace mas de 10 a\u00f1os. Operando en cada rinc\u00f3n de las ciudades, llevamos nuestro compromiso y pasi\u00f3n por ofrecer soluciones que marquen la diferencia en la vida de las personas. Nuestro equipo de t\u00e9cnicos y profesionales comparte una visi\u00f3n com\u00fan de servicio excepcional y calidad inquebrantable. Juntos, avanzamos hacia un horizonte en el que la confianza en nuestros servicios sea sin\u00f3nimo de bienestar y tranquilidad en cada hogar para sus lavadoras, neveras, secadoras, hornos, microondas y trituradores. \u00a0 Nuestra Misi\u00f3n y Visi\u00f3n: Guiando Nuestro Camino Misi\u00f3n: Nuestra misi\u00f3n es ser el aliado confiable y eficiente para resolver todas las necesidades relacionadas con los electrodom\u00e9sticos Whirlpool en el hogar de cada cliente. Nos esforzamos por brindar soluciones efectivas y duraderas, manteniendo la calidad y la innovaci\u00f3n como pilares fundamentales. Visi\u00f3n: Nuestra visi\u00f3n es convertirnos en la referencia indiscutible en servicios de electrodom\u00e9sticos Whirlpool en nuestras \u00e1reas de operaci\u00f3n. Aspiramos a ser reconocidos no solo por nuestra expertise t\u00e9cnica, sino tambi\u00e9n por la satisfacci\u00f3n y confianza de cada cliente que atendemos. Objetivos: Calidad en Cada Intervenci\u00f3n Satisfacci\u00f3n del Cliente Desarrollo de Talento Crecimiento Sostenible: Innovaci\u00f3n y Tecnolog\u00eda<\/p>\n","protected":false},"author":1,"featured_media":0,"parent":0,"menu_order":0,"comment_status":"closed","ping_status":"closed","template":"","meta":{"footnotes":""},"class_list":["post-842","page","type-page","status-publish","hentry"],"yoast_head":"<!-- This site is optimized with the Yoast SEO plugin v27.5 - https:\/\/yoast.com\/product\/yoast-seo-wordpress\/ -->\n<title>Empresa<\/title>\n<meta name=\"description\" content=\"Descubre Nuestra Empresa, Explora lo que podemos hacer al ser especializados en electrodom\u00e9sticos\" \/>\n<meta name=\"robots\" content=\"index, follow, max-snippet:-1, max-image-preview:large, max-video-preview:-1\" \/>\n<link rel=\"canonical\" href=\"https:\/\/www.serviciowhirlpoolbogota.com.co\/index.php\/empresa\/\" \/>\n<meta property=\"og:locale\" content=\"es_ES\" \/>\n<meta property=\"og:type\" content=\"article\" \/>\n<meta property=\"og:title\" content=\"Empresa\" \/>\n<meta property=\"og:description\" content=\"Descubre Nuestra Empresa, Explora lo que podemos hacer al ser especializados en electrodom\u00e9sticos\" \/>\n<meta property=\"og:url\" content=\"https:\/\/www.serviciowhirlpoolbogota.com.co\/index.php\/empresa\/\" \/>\n<meta property=\"og:site_name\" content=\"Mi blog\" \/>\n<meta property=\"article:modified_time\" content=\"2023-08-28T02:12:17+00:00\" \/>\n<meta property=\"og:image\" content=\"https:\/\/www.serviciowhirlpoolbogota.com.co\/wp-content\/uploads\/2023\/08\/empresa-whirlpool.webp\" \/>\n<meta name=\"twitter:card\" content=\"summary_large_image\" \/>\n<meta name=\"twitter:label1\" content=\"Tiempo de lectura\" \/>\n\t<meta name=\"twitter:data1\" content=\"2 minutos\" \/>\n<script type=\"application\/ld+json\" class=\"yoast-schema-graph\">{\"@context\":\"https:\\\/\\\/schema.org\",\"@graph\":[{\"@type\":\"WebPage\",\"@id\":\"https:\\\/\\\/www.serviciowhirlpoolbogota.com.co\\\/index.php\\\/empresa\\\/\",\"url\":\"https:\\\/\\\/www.serviciowhirlpoolbogota.com.co\\\/index.php\\\/empresa\\\/\",\"name\":\"Empresa\",\"isPartOf\":{\"@id\":\"https:\\\/\\\/www.serviciowhirlpoolbogota.com.co\\\/#website\"},\"primaryImageOfPage\":{\"@id\":\"https:\\\/\\\/www.serviciowhirlpoolbogota.com.co\\\/index.php\\\/empresa\\\/#primaryimage\"},\"image\":{\"@id\":\"https:\\\/\\\/www.serviciowhirlpoolbogota.com.co\\\/index.php\\\/empresa\\\/#primaryimage\"},\"thumbnailUrl\":\"https:\\\/\\\/www.serviciowhirlpoolbogota.com.co\\\/wp-content\\\/uploads\\\/2023\\\/08\\\/empresa-whirlpool.webp\",\"datePublished\":\"2023-08-28T01:59:01+00:00\",\"dateModified\":\"2023-08-28T02:12:17+00:00\",\"description\":\"Descubre Nuestra Empresa, Explora lo que podemos hacer al ser especializados en electrodom\u00e9sticos\",\"breadcrumb\":{\"@id\":\"https:\\\/\\\/www.serviciowhirlpoolbogota.com.co\\\/index.php\\\/empresa\\\/#breadcrumb\"},\"inLanguage\":\"es\",\"potentialAction\":[{\"@type\":\"ReadAction\",\"target\":[\"https:\\\/\\\/www.serviciowhirlpoolbogota.com.co\\\/index.php\\\/empresa\\\/\"]}]},{\"@type\":\"ImageObject\",\"inLanguage\":\"es\",\"@id\":\"https:\\\/\\\/www.serviciowhirlpoolbogota.com.co\\\/index.php\\\/empresa\\\/#primaryimage\",\"url\":\"https:\\\/\\\/www.serviciowhirlpoolbogota.com.co\\\/wp-content\\\/uploads\\\/2023\\\/08\\\/empresa-whirlpool.webp\",\"contentUrl\":\"https:\\\/\\\/www.serviciowhirlpoolbogota.com.co\\\/wp-content\\\/uploads\\\/2023\\\/08\\\/empresa-whirlpool.webp\",\"width\":500,\"height\":407,\"caption\":\"Empresa Whirlpool\"},{\"@type\":\"BreadcrumbList\",\"@id\":\"https:\\\/\\\/www.serviciowhirlpoolbogota.com.co\\\/index.php\\\/empresa\\\/#breadcrumb\",\"itemListElement\":[{\"@type\":\"ListItem\",\"position\":1,\"name\":\"Portada\",\"item\":\"https:\\\/\\\/www.serviciowhirlpoolbogota.com.co\\\/\"},{\"@type\":\"ListItem\",\"position\":2,\"name\":\"Empresa\"}]},{\"@type\":\"WebSite\",\"@id\":\"https:\\\/\\\/www.serviciowhirlpoolbogota.com.co\\\/#website\",\"url\":\"https:\\\/\\\/www.serviciowhirlpoolbogota.com.co\\\/\",\"name\":\"Mi blog\",\"description\":\"S&oacute;lo otro sitio de WordPress\",\"potentialAction\":[{\"@type\":\"SearchAction\",\"target\":{\"@type\":\"EntryPoint\",\"urlTemplate\":\"https:\\\/\\\/www.serviciowhirlpoolbogota.com.co\\\/?s={search_term_string}\"},\"query-input\":{\"@type\":\"PropertyValueSpecification\",\"valueRequired\":true,\"valueName\":\"search_term_string\"}}],\"inLanguage\":\"es\"}]}<\/script>\n<!-- \/ Yoast SEO plugin. -->","yoast_head_json":{"title":"Empresa","description":"Descubre Nuestra Empresa, Explora lo que podemos hacer al ser especializados en electrodom\u00e9sticos","robots":{"index":"index","follow":"follow","max-snippet":"max-snippet:-1","max-image-preview":"max-image-preview:large","max-video-preview":"max-video-preview:-1"},"canonical":"https:\/\/www.serviciowhirlpoolbogota.com.co\/index.php\/empresa\/","og_locale":"es_ES","og_type":"article","og_title":"Empresa","og_description":"Descubre Nuestra Empresa, Explora lo que podemos hacer al ser especializados en electrodom\u00e9sticos","og_url":"https:\/\/www.serviciowhirlpoolbogota.com.co\/index.php\/empresa\/","og_site_name":"Mi blog","article_modified_time":"2023-08-28T02:12:17+00:00","og_image":[{"url":"https:\/\/www.serviciowhirlpoolbogota.com.co\/wp-content\/uploads\/2023\/08\/empresa-whirlpool.webp","type":"","width":"","height":""}],"twitter_card":"summary_large_image","twitter_misc":{"Tiempo de lectura":"2 minutos"},"schema":{"@context":"https:\/\/schema.org","@graph":[{"@type":"WebPage","@id":"https:\/\/www.serviciowhirlpoolbogota.com.co\/index.php\/empresa\/","url":"https:\/\/www.serviciowhirlpoolbogota.com.co\/index.php\/empresa\/","name":"Empresa","isPartOf":{"@id":"https:\/\/www.serviciowhirlpoolbogota.com.co\/#website"},"primaryImageOfPage":{"@id":"https:\/\/www.serviciowhirlpoolbogota.com.co\/index.php\/empresa\/#primaryimage"},"image":{"@id":"https:\/\/www.serviciowhirlpoolbogota.com.co\/index.php\/empresa\/#primaryimage"},"thumbnailUrl":"https:\/\/www.serviciowhirlpoolbogota.com.co\/wp-content\/uploads\/2023\/08\/empresa-whirlpool.webp","datePublished":"2023-08-28T01:59:01+00:00","dateModified":"2023-08-28T02:12:17+00:00","description":"Descubre Nuestra Empresa, Explora lo que podemos hacer al ser especializados en electrodom\u00e9sticos","breadcrumb":{"@id":"https:\/\/www.serviciowhirlpoolbogota.com.co\/index.php\/empresa\/#breadcrumb"},"inLanguage":"es","potentialAction":[{"@type":"ReadAction","target":["https:\/\/www.serviciowhirlpoolbogota.com.co\/index.php\/empresa\/"]}]},{"@type":"ImageObject","inLanguage":"es","@id":"https:\/\/www.serviciowhirlpoolbogota.com.co\/index.php\/empresa\/#primaryimage","url":"https:\/\/www.serviciowhirlpoolbogota.com.co\/wp-content\/uploads\/2023\/08\/empresa-whirlpool.webp","contentUrl":"https:\/\/www.serviciowhirlpoolbogota.com.co\/wp-content\/uploads\/2023\/08\/empresa-whirlpool.webp","width":500,"height":407,"caption":"Empresa Whirlpool"},{"@type":"BreadcrumbList","@id":"https:\/\/www.serviciowhirlpoolbogota.com.co\/index.php\/empresa\/#breadcrumb","itemListElement":[{"@type":"ListItem","position":1,"name":"Portada","item":"https:\/\/www.serviciowhirlpoolbogota.com.co\/"},{"@type":"ListItem","position":2,"name":"Empresa"}]},{"@type":"WebSite","@id":"https:\/\/www.serviciowhirlpoolbogota.com.co\/#website","url":"https:\/\/www.serviciowhirlpoolbogota.com.co\/","name":"Mi blog","description":"S&oacute;lo otro sitio de WordPress","potentialAction":[{"@type":"SearchAction","target":{"@type":"EntryPoint","urlTemplate":"https:\/\/www.serviciowhirlpoolbogota.com.co\/?s={search_term_string}"},"query-input":{"@type":"PropertyValueSpecification","valueRequired":true,"valueName":"search_term_string"}}],"inLanguage":"es"}]}},"_links":{"self":[{"href":"https:\/\/www.serviciowhirlpoolbogota.com.co\/index.php\/wp-json\/wp\/v2\/pages\/842","targetHints":{"allow":["GET"]}}],"collection":[{"href":"https:\/\/www.serviciowhirlpoolbogota.com.co\/index.php\/wp-json\/wp\/v2\/pages"}],"about":[{"href":"https:\/\/www.serviciowhirlpoolbogota.com.co\/index.php\/wp-json\/wp\/v2\/types\/page"}],"author":[{"embeddable":true,"href":"https:\/\/www.serviciowhirlpoolbogota.com.co\/index.php\/wp-json\/wp\/v2\/users\/1"}],"replies":[{"embeddable":true,"href":"https:\/\/www.serviciowhirlpoolbogota.com.co\/index.php\/wp-json\/wp\/v2\/comments?post=842"}],"version-history":[{"count":16,"href":"https:\/\/www.serviciowhirlpoolbogota.com.co\/index.php\/wp-json\/wp\/v2\/pages\/842\/revisions"}],"predecessor-version":[{"id":861,"href":"https:\/\/www.serviciowhirlpoolbogota.com.co\/index.php\/wp-json\/wp\/v2\/pages\/842\/revisions\/861"}],"wp:attachment":[{"href":"https:\/\/www.serviciowhirlpoolbogota.com.co\/index.php\/wp-json\/wp\/v2\/media?parent=842"}],"curies":[{"name":"wp","href":"https:\/\/api.w.org\/{rel}","templated":true}]}}